{"id":285,"date":"2020-12-28T23:34:21","date_gmt":"2020-12-28T22:34:21","guid":{"rendered":"http:\/\/5.189.153.254\/clients6\/ciel\/?page_id=285"},"modified":"2021-01-01T21:57:19","modified_gmt":"2021-01-01T20:57:19","slug":"inscription","status":"publish","type":"page","link":"http:\/\/5.189.153.254\/clients6\/ciel\/?page_id=285","title":{"rendered":"Inscription"},"content":{"rendered":"\n<form class=\"input-txt-insc\" action=\"https:\/\/gefpro.institut-ciel.com\/inscr\/nv5.php\" enctype=\"multipart\/form-data\" method=\"POST\">\n<div id=\"formulaire-responsive\" class=\"clearfix\">\n<fieldset class=\"fieldset-stg\">\n<legend>Information du Candidat<\/legend>\n<!--<div class=\"rang-form\">\n<div class=\"colonne\"><b>Photo :<\/b> <input class=\"file-insc\" name=\"photo\" required=\"\" type=\"file\" \/><\/div>\n<\/div>-->\n<div class=\"rang-form\">\n<div class=\"demi-colonne\"><b>Pr\u00e9nom :<\/b> <input maxlength=\"20\" name=\"prenom\" required=\"\" size=\"28\" type=\"text\" value=\"\"><\/div>\n<div class=\"demi-colonne\"><b>Nom :<\/b> <input maxlength=\"20\" name=\"nom\" required=\"\" size=\"28\" type=\"text\" value=\"\"><\/div>\n<\/div>\n<div class=\"rang-form\">\n<div class=\"demi-colonne\"><b>Genre :<\/b><select class=\"select-insc\" name=\"genre\" required=\"\" size=\"1\"><option value=\"\"><\/option><option value=\"1\">Homme<\/option><option value=\"2\">Femme<\/option><\/select><\/div>\n<div class=\"demi-colonne\"><b>Nationalit\u00e9 :<\/b> <input maxlength=\"20\" name=\"nationalite\" required=\"\" size=\"28\" type=\"text\" value=\"Marocaine\"><\/div>\n<\/div>\n<div class=\"rang-form\">\n<div class=\"demi-colonne\"><b>N\u00b0 CIN :<\/b><input maxlength=\"14\" name=\"cin\" required=\"\" size=\"28\" type=\"text\" value=\"\"><\/div>\n<div class=\"demi-colonne\"><b>Date de naissance : (<span style=\"color: red;\">jj-mm-aaaa<\/span>)<\/b><input maxlength=\"10\" name=\"dte_nais\" required=\"\" size=\"28\" type=\"text\" value=\"\" placeholder=\"Ex. 24-08-1998\"><\/div>\n<\/div>\n<div class=\"rang-form\">\n<div class=\"demi-colonne\"><b>Lieu de naissance :<\/b><input maxlength=\"20\" name=\"lieu_nais\" required=\"\" size=\"28\" type=\"text\" value=\"\"><\/div>\n<div class=\"demi-colonne\"><b>Email :<\/b> <input maxlength=\"60\" name=\"email\" required=\"\" size=\"28\" type=\"email\" value=\"\"><\/div>\n<\/div>\n<div class=\"rang-form\">\n<div class=\"colonne\"><b>Adresse :<\/b><input class=\"adr-zone\" maxlength=\"60\" name=\"adr\" required=\"\" size=\"71\" type=\"text\" value=\"\"><\/div>\n<\/div>\n<div class=\"rang-form\">\n<div class=\"demi-colonne\"><b>T\u00e9l\u00e9phone :<\/b> <input maxlength=\"20\" name=\"tel\" required=\"\" size=\"28\" type=\"text\" value=\"\" placeholder=\"Ex. 0666666666\"><\/div>\n<div class=\"demi-colonne\"><b>C.N.E \/ Code MASSAR :<\/b> <input maxlength=\"20\" name=\"cne_stg\" size=\"28\" type=\"text\" value=\"\"><\/div>\n<\/div>\n<div class=\"rang-form\">\n<div class=\"demi-colonne\"><b>Dernier dipl\u00f4me :<\/b><select class=\"select-insc\" name=\"dern_dipl\" required=\"\" size=\"1\"><option value=\"\"><\/option><option value=\"1\">Doctorat<\/option><option value=\"2\">MBA<\/option><option value=\"3\">Ing\u00e9nieur d\u2019\u00e9tat<\/option><option value=\"4\">DESA<\/option><option value=\"5\">DCESS<\/option><option value=\"6\">Master de Recherche<\/option><option value=\"7\">Master sp\u00e9cialis\u00e9<\/option><option value=\"8\">Master Professionnel<\/option><option value=\"9\">Master<\/option><option value=\"10\">Ing\u00e9nieur d&#8217;application<\/option><option value=\"11\">Ma\u00eetrise<\/option><option value=\"12\">DCA<\/option><option value=\"13\">Licence Professionnelle<\/option><option value=\"14\">Licence Fondamentale<\/option><option value=\"15\">Bachelor<\/option><option value=\"16\">DEES<\/option><option value=\"17\">DEUG<\/option><option value=\"18\">DUT<\/option><option value=\"19\">DEUP<\/option><option value=\"20\">DEUST<\/option><option value=\"21\">Technicien Sp\u00e9cialis\u00e9<\/option><option value=\"22\">Technicien<\/option><option value=\"23\">Baccalaur\u00e9at<\/option><option value=\"24\">Niveau bac<\/option><option value=\"25\">Qualification<\/option><option value=\"26\">Certificat coll\u00e9gial<\/option><option value=\"27\">Certificat primaire<\/option><option value=\"0\">Autre<\/option><\/select><\/div>\n<div class=\"demi-colonne\"><b>Sp\u00e9cialit\u00e9 du dernier dipl\u00f4me :<\/b><input maxlength=\"100\" name=\"spec_drn_dip_stg\" required=\"\" size=\"28\" type=\"text\" value=\"\"><\/div>\n<\/div>\n<div class=\"rang-form\">\n<div class=\"demi-colonne\"><b>Dernier \u00e9tablissement :<\/b><input maxlength=\"100\" name=\"dern_etab\" required=\"\" size=\"28\" type=\"text\" value=\"\"><\/div>\n<div class=\"demi-colonne\"><b>Fili\u00e8re choisie :<\/b><select class=\"select-insc\" name=\"fil\" required=\"\" size=\"1\"><option value=\"\"><\/option><option value=\"176\">Mast\u00e8re Europ\u00e9en &#8211; Management et Strat\u00e9gie d&#8217;Entreprise<\/option><option value=\"174\">Mast\u00e8re Europ\u00e9en &#8211; Logistique<\/option><option value=\"170\">Bachelor Europ\u00e9en &#8211; Transport et Logistique<\/option><option value=\"100\">Bachelor Europ\u00e9en &#8211; Supply Chain<\/option><!--\n<option value='173'>Bachelor Europ\u00e9en - Ressources Humaines<\/option>--><option value=\"171\">Bachelor Europ\u00e9en &#8211; Qualit\u00e9 \/ S\u00e9curit\u00e9 \/ Environnement<\/option><option value=\"172\">Bachelor Europ\u00e9en &#8211; Management et Gestion des PME<\/option><option value=\"145\">Technicien Sp\u00e9cialis\u00e9 &#8211; Gestion des Entreprises<\/option><option value=\"168\">Technicien Sp\u00e9cialis\u00e9 &#8211; Gestion de Transport et logistique<\/option><option value=\"144\">Technicien Sp\u00e9cialis\u00e9 &#8211; D\u00e9veloppement Informatique<\/option><option value=\"148\">Technicien &#8211; Gestion de Navigation et Logistique<\/option><option value=\"147\">Technicien &#8211; Gestion informatis\u00e9e<\/option><option value=\"149\">Technicien &#8211; D\u00e9clarant en Douane<\/option><option value=\"101\">Technicien assistant &#8211; Gestion Administrative et Comptable<\/option><option value=\"150\">Qualification &#8211; Op\u00e9rateur administrative<\/option><\/select><\/div>\n<\/div>\n<div class=\"rang-form\">\n<div class=\"demi-colonne\">&nbsp;<\/div>\n<\/div>\n<div class=\"rang-form\">\n<div class=\"demi-colonne\"><b>Mode de formation:<\/b><select class=\"select-insc\" name=\"mode_form\" required=\"\" size=\"1\"><option value=\"\"><\/option><option value=\"1\">Jour<\/option><option value=\"2\">Soir<\/option><\/select><\/div>\n<div class=\"demi-colonne\"><b>Mouvement :<\/b><select class=\"select-insc\" name=\"mvt_stg\" required=\"\" size=\"1\"><option value=\"\"><\/option><option value=\"1\">Nouveau<\/option><!--\n<option value=\"2\">Passerel<\/option>--><option value=\"3\">Transfert<\/option><\/select><\/div>\n<\/div>\n<div class=\"rang-form\">\n<div class=\"colonne\"><b>Langues :<\/b><br><input checked=\"checked\" name=\"langues[]\" type=\"checkbox\" value=\"1\"> Arabe<br><input name=\"langues[]\" type=\"checkbox\" value=\"2\"> Fran\u00e7ais<br><input name=\"langues[]\" type=\"checkbox\" value=\"3\"> Anglais<br><input name=\"langues[]\" type=\"checkbox\" value=\"4\"> Espagnol<br><input name=\"langues[]\" type=\"checkbox\" value=\"5\"> Allemand<br><input name=\"langues[]\" type=\"checkbox\" value=\"6\"> Italien<br><input name=\"langues[]\" type=\"checkbox\" value=\"7\"> Autre<\/div>\n<\/div>\n<\/fieldset>\n<fieldset class=\"fieldset-tut\">\n<legend>Information du P\u00e8re ou Tuteur<\/legend>\n<div class=\"rang-form\">\n<div class=\"demi-colonne\"><b>Pr\u00e9nom du tuteur :<\/b> <input maxlength=\"20\" name=\"prenom_tut\" size=\"28\" type=\"text\" value=\"\"><\/div>\n<div class=\"demi-colonne\"><b>Nom du tuteur :<\/b> <input maxlength=\"20\" name=\"nom_tut\" size=\"28\" type=\"text\" value=\"\"><\/div>\n<\/div>\n<div class=\"rang-form\">\n<div class=\"demi-colonne\"><b>Genre du Tuteur :<\/b><select class=\"select-insc\" name=\"genre_tut\" size=\"1\"><option value=\"\"><\/option><option value=\"1\">Homme<\/option><option value=\"2\">Femme<\/option><\/select><\/div>\n<div class=\"demi-colonne\"><b>GSM du Tuteur :<\/b> <input maxlength=\"20\" name=\"tel_tut\" size=\"28\" type=\"text\" value=\"\" placeholder=\"Ex. 0666666666\"><\/div>\n<\/div>\n<div class=\"rang-form\">\n<div class=\"colonne\"><b>Adresse du Tuteur :<\/b> <input class=\"adr-zone\" maxlength=\"60\" name=\"adr_tut\" size=\"71\" type=\"text\" value=\"\"><\/div>\n<\/div>\n<\/fieldset>\n<div class=\"rang-form\">\n<div class=\"colonne\" align=\"right\"><input type=\"submit\" value=\"Valider\" id=\"btn-submit-form-insc\"><\/div>\n<\/div>\n<\/div>\n<p><!--fin de formulaire-responsive--><\/p>\n<\/form>\n","protected":false},"excerpt":{"rendered":"<p>Information du Candidat Pr\u00e9nom : Nom : Genre :HommeFemme Nationalit\u00e9 : N\u00b0 CIN : Date de naissance : (jj-mm-aaaa) Lieu de naissance : Email : Adresse : T\u00e9l\u00e9phone : C.N.E \/ Code MASSAR : Dernier dipl\u00f4me :DoctoratMBAIng\u00e9nieur d\u2019\u00e9tatDESADCESSMaster de RechercheMaster sp\u00e9cialis\u00e9Master ProfessionnelMasterIng\u00e9nieur d&#8217;applicationMa\u00eetriseDCALicence ProfessionnelleLicence FondamentaleBachelorDEESDEUGDUTDEUPDEUSTTechnicien Sp\u00e9cialis\u00e9TechnicienBaccalaur\u00e9atNiveau bacQualificationCertificat coll\u00e9gialCertificat primaireAutre Sp\u00e9cialit\u00e9 du dernier dipl\u00f4me : Dernier [&hellip;]<\/p>\n","protected":false},"author":1,"featured_media":0,"parent":0,"menu_order":0,"comment_status":"closed","ping_status":"closed","template":"","meta":[],"_links":{"self":[{"href":"http:\/\/5.189.153.254\/clients6\/ciel\/index.php?rest_route=\/wp\/v2\/pages\/285"}],"collection":[{"href":"http:\/\/5.189.153.254\/clients6\/ciel\/index.php?rest_route=\/wp\/v2\/pages"}],"about":[{"href":"http:\/\/5.189.153.254\/clients6\/ciel\/index.php?rest_route=\/wp\/v2\/types\/page"}],"author":[{"embeddable":true,"href":"http:\/\/5.189.153.254\/clients6\/ciel\/index.php?rest_route=\/wp\/v2\/users\/1"}],"replies":[{"embeddable":true,"href":"http:\/\/5.189.153.254\/clients6\/ciel\/index.php?rest_route=%2Fwp%2Fv2%2Fcomments&post=285"}],"version-history":[{"count":8,"href":"http:\/\/5.189.153.254\/clients6\/ciel\/index.php?rest_route=\/wp\/v2\/pages\/285\/revisions"}],"predecessor-version":[{"id":435,"href":"http:\/\/5.189.153.254\/clients6\/ciel\/index.php?rest_route=\/wp\/v2\/pages\/285\/revisions\/435"}],"wp:attachment":[{"href":"http:\/\/5.189.153.254\/clients6\/ciel\/index.php?rest_route=%2Fwp%2Fv2%2Fmedia&parent=285"}],"curies":[{"name":"wp","href":"https:\/\/api.w.org\/{rel}","templated":true}]}}