{"id":25,"date":"2019-07-11T07:51:07","date_gmt":"2019-07-11T05:51:07","guid":{"rendered":"http:\/\/demo.archiwp.com\/archi-garden\/?page_id=25"},"modified":"2021-01-01T22:05:28","modified_gmt":"2021-01-01T21:05:28","slug":"contact","status":"publish","type":"page","link":"http:\/\/5.189.153.254\/clients6\/ciel\/?page_id=25","title":{"rendered":"Contact"},"content":{"rendered":"<p>[vc_row css=&#8221;.vc_custom_1563180362081{padding-top: 90px !important;padding-bottom: 90px !important;}&#8221;][vc_column animate=&#8221;fadeindown&#8221;][vc_gmaps link=&#8221;#E-8_JTNDaWZyYW1lJTIwc3JjJTNEJTIyaHR0cHMlM0ElMkYlMkZ3d3cuZ29vZ2xlLmNvbSUyRm1hcHMlMkZlbWJlZCUzRnBiJTNEJTIxMW0xOCUyMTFtMTIlMjExbTMlMjExZDMyMzcuNDczNjA5NTUyNTg2JTIxMmQtNS43OTgxMzc4ODQ2Njk2NjUlMjEzZDM1Ljc2Mzc0MDgzMzA0OTU1JTIxMm0zJTIxMWYwJTIxMmYwJTIxM2YwJTIxM20yJTIxMWkxMDI0JTIxMmk3NjglMjE0ZjEzLjElMjEzbTMlMjExbTIlMjExczB4MCUyNTNBMHhiMjZkNDJkMGY4MzVmYzMlMjEyc2luc3RpdHV0JTI1MjBjaWVsJTIxNWUwJTIxM20yJTIxMXNmciUyMTJzbWElMjE0djE2MDkyNjk0OTY4OTQlMjE1bTIlMjExc2ZyJTIxMnNtYSUyMiUyMHdpZHRoJTNEJTIyNjAwJTIyJTIwaGVpZ2h0JTNEJTIyNDUwJTIyJTIwZnJhbWVib3JkZXIlM0QlMjIwJTIyJTIwc3R5bGUlM0QlMjJib3JkZXIlM0EwJTNCJTIyJTIwYWxsb3dmdWxsc2NyZWVuJTNEJTIyJTIyJTIwYXJpYS1oaWRkZW4lM0QlMjJmYWxzZSUyMiUyMHRhYmluZGV4JTNEJTIyMCUyMiUzRSUzQyUyRmlmcmFtZSUzRQ==&#8221;][\/vc_column][\/vc_row][vc_row css=&#8221;.vc_custom_1438577300524{padding-bottom: 90px !important;}&#8221;][vc_column width=&#8221;2\/3&#8243; animate=&#8221;fadeinleft&#8221; wap_class=&#8221;wow fadeInUp&#8221;]\n\t<!-- Element: OT Heading --> \t \n\t<h3 class=\"ot_custom_heading  \" style=\"color: #2a2b73;\" >Contacter-nous<\/h3>\t\n[vc_empty_space height=&#8221;10px&#8221;]<div role=\"form\" class=\"wpcf7\" id=\"wpcf7-f117-o1\" lang=\"en-US\" dir=\"ltr\">\n<div class=\"screen-reader-response\"><p role=\"status\" aria-live=\"polite\" aria-atomic=\"true\"><\/p> <ul><\/ul><\/div>\n<form action=\"\/clients6\/ciel\/index.php?rest_route=%2Fwp%2Fv2%2Fpages%2F25#wpcf7-f117-o1\" method=\"post\" class=\"wpcf7-form init\" novalidate=\"novalidate\" data-status=\"init\">\n<div style=\"display: none;\">\n<input type=\"hidden\" name=\"_wpcf7\" value=\"117\" \/>\n<input type=\"hidden\" name=\"_wpcf7_version\" value=\"5.3.2\" \/>\n<input type=\"hidden\" name=\"_wpcf7_locale\" value=\"en_US\" \/>\n<input type=\"hidden\" name=\"_wpcf7_unit_tag\" value=\"wpcf7-f117-o1\" \/>\n<input type=\"hidden\" name=\"_wpcf7_container_post\" value=\"0\" \/>\n<input type=\"hidden\" name=\"_wpcf7_posted_data_hash\" value=\"\" \/>\n<\/div>\n<div class=\"row\">\n<div class=\"col-md-4\">\n<div><span class=\"wpcf7-form-control-wrap your-name\"><input type=\"text\" name=\"your-name\" value=\"\" size=\"40\" class=\"wpcf7-form-control wpcf7-text wpcf7-validates-as-required\" aria-required=\"true\" aria-invalid=\"false\" placeholder=\"Votre Nom\" \/><\/span> <\/div>\n<div><span class=\"wpcf7-form-control-wrap your-email\"><input type=\"email\" name=\"your-email\" value=\"\" size=\"40\" class=\"wpcf7-form-control wpcf7-text wpcf7-email wpcf7-validates-as-required wpcf7-validates-as-email\" aria-required=\"true\" aria-invalid=\"false\" placeholder=\"Votre E-mail\" \/><\/span> <\/div>\n<div><span class=\"wpcf7-form-control-wrap your-phone\"><input type=\"tel\" name=\"your-phone\" value=\"\" size=\"40\" class=\"wpcf7-form-control wpcf7-text wpcf7-tel wpcf7-validates-as-required wpcf7-validates-as-tel\" aria-required=\"true\" aria-invalid=\"false\" placeholder=\"Votre T\u00e9l\" \/><\/span><\/div>\n<\/div>\n<div class=\"col-md-8\">\n<div><span class=\"wpcf7-form-control-wrap your-message\"><textarea name=\"your-message\" cols=\"40\" rows=\"10\" class=\"wpcf7-form-control wpcf7-textarea wpcf7-validates-as-required\" aria-required=\"true\" aria-invalid=\"false\" placeholder=\"Votre Message\"><\/textarea><\/span><\/div>\n<\/div>\n<div class=\"col-md-12\">\n<p id=\"submit\"><input type=\"submit\" value=\"Envoyer\" class=\"wpcf7-form-control wpcf7-submit btn btn-line\" \/><\/p>\n<\/div>\n<\/div>\n<div class=\"wpcf7-response-output\" aria-hidden=\"true\"><\/div><\/form><\/div>[\/vc_column][vc_column width=&#8221;1\/3&#8243; animate=&#8221;fadinright&#8221; wap_class=&#8221;wow fadeInUp&#8221;]\n\t<!-- Element: OT Heading --> \t \n\t<h3 class=\"ot_custom_heading  \" style=\"color: #2a2b73;\" >Nos coordonn\u00e9es<\/h3>\t\n[vc_column_text]<\/p>\n<address>\n<div>Contacter-nous pour plus d&#8217;informations<\/div>\n<div><strong>T\u00e9l:<\/strong>(+212) 539 34 04 87<\/div>\n<div><strong>\u00a0<\/strong>(+212) 539 94 60 93 \/ 59 16<\/div>\n<div><strong>Fax:<\/strong>(+212) 539 94 24 76<\/div>\n<div><strong>E-mail:<\/strong><a href=\"mailto:institut-ciel@hotmail.fr\">institut-ciel@hotmail.fr<\/a><\/div>\n<div><strong>Site 1&amp;2:<\/strong>76, Route de T\u00e9touan (PLAZA DE TOROS) \u00e0 c\u00f4t\u00e9 des Taxi, R\u00e9sidence Nabil -Tanger<\/div>\n<div><strong>Site 3:<\/strong>Villa N\u00b0 5, Hay Nezaha, Rue Ibrahim Ben Hilal \u2013 (Souriyne) Tanger<\/div>\n<div><strong>Site 4:<\/strong>LOT SALAM, Hay IBN AL KADI, N\u00b0 1 \u2013 1\u00e8re ETAGE n\u00b0 1-2 \u2013 (Charf) Tanger<\/div>\n<\/address>\n<p>[\/vc_column_text][\/vc_column][\/vc_row]<\/p>\n","protected":false},"excerpt":{"rendered":"<p>[vc_row css=&#8221;.vc_custom_1563180362081{padding-top: 90px !important;padding-bottom: 90px !important;}&#8221;][vc_column animate=&#8221;fadeindown&#8221;][vc_gmaps link=&#8221;#E-8_JTNDaWZyYW1lJTIwc3JjJTNEJTIyaHR0cHMlM0ElMkYlMkZ3d3cuZ29vZ2xlLmNvbSUyRm1hcHMlMkZlbWJlZCUzRnBiJTNEJTIxMW0xOCUyMTFtMTIlMjExbTMlMjExZDMyMzcuNDczNjA5NTUyNTg2JTIxMmQtNS43OTgxMzc4ODQ2Njk2NjUlMjEzZDM1Ljc2Mzc0MDgzMzA0OTU1JTIxMm0zJTIxMWYwJTIxMmYwJTIxM2YwJTIxM20yJTIxMWkxMDI0JTIxMmk3NjglMjE0ZjEzLjElMjEzbTMlMjExbTIlMjExczB4MCUyNTNBMHhiMjZkNDJkMGY4MzVmYzMlMjEyc2luc3RpdHV0JTI1MjBjaWVsJTIxNWUwJTIxM20yJTIxMXNmciUyMTJzbWElMjE0djE2MDkyNjk0OTY4OTQlMjE1bTIlMjExc2ZyJTIxMnNtYSUyMiUyMHdpZHRoJTNEJTIyNjAwJTIyJTIwaGVpZ2h0JTNEJTIyNDUwJTIyJTIwZnJhbWVib3JkZXIlM0QlMjIwJTIyJTIwc3R5bGUlM0QlMjJib3JkZXIlM0EwJTNCJTIyJTIwYWxsb3dmdWxsc2NyZWVuJTNEJTIyJTIyJTIwYXJpYS1oaWRkZW4lM0QlMjJmYWxzZSUyMiUyMHRhYmluZGV4JTNEJTIyMCUyMiUzRSUzQyUyRmlmcmFtZSUzRQ==&#8221;][\/vc_column][\/vc_row][vc_row css=&#8221;.vc_custom_1438577300524{padding-bottom: 90px !important;}&#8221;][vc_column width=&#8221;2\/3&#8243; animate=&#8221;fadeinleft&#8221; wap_class=&#8221;wow fadeInUp&#8221;][vc_empty_space height=&#8221;10px&#8221;][\/vc_column][vc_column width=&#8221;1\/3&#8243; animate=&#8221;fadinright&#8221; wap_class=&#8221;wow fadeInUp&#8221;][vc_column_text] Contacter-nous pour plus d&#8217;informations T\u00e9l:(+212) 539 34 04 87 \u00a0(+212) 539 94 60 93 \/ 59 16 Fax:(+212) 539 94 24 76 E-mail:institut-ciel@hotmail.fr Site 1&amp;2:76, Route de T\u00e9touan (PLAZA DE TOROS) \u00e0 c\u00f4t\u00e9 des Taxi, [&hellip;]<\/p>\n","protected":false},"author":1,"featured_media":0,"parent":0,"menu_order":0,"comment_status":"closed","ping_status":"closed","template":"page-templates\/template-fullwidth.php","meta":[],"_links":{"self":[{"href":"http:\/\/5.189.153.254\/clients6\/ciel\/index.php?rest_route=\/wp\/v2\/pages\/25"}],"collection":[{"href":"http:\/\/5.189.153.254\/clients6\/ciel\/index.php?rest_route=\/wp\/v2\/pages"}],"about":[{"href":"http:\/\/5.189.153.254\/clients6\/ciel\/index.php?rest_route=\/wp\/v2\/types\/page"}],"author":[{"embeddable":true,"href":"http:\/\/5.189.153.254\/clients6\/ciel\/index.php?rest_route=\/wp\/v2\/users\/1"}],"replies":[{"embeddable":true,"href":"http:\/\/5.189.153.254\/clients6\/ciel\/index.php?rest_route=%2Fwp%2Fv2%2Fcomments&post=25"}],"version-history":[{"count":13,"href":"http:\/\/5.189.153.254\/clients6\/ciel\/index.php?rest_route=\/wp\/v2\/pages\/25\/revisions"}],"predecessor-version":[{"id":603,"href":"http:\/\/5.189.153.254\/clients6\/ciel\/index.php?rest_route=\/wp\/v2\/pages\/25\/revisions\/603"}],"wp:attachment":[{"href":"http:\/\/5.189.153.254\/clients6\/ciel\/index.php?rest_route=%2Fwp%2Fv2%2Fmedia&parent=25"}],"curies":[{"name":"wp","href":"https:\/\/api.w.org\/{rel}","templated":true}]}}