{"id":13,"date":"2019-07-11T07:43:07","date_gmt":"2019-07-11T05:43:07","guid":{"rendered":"http:\/\/demo.archiwp.com\/archi-garden\/?page_id=13"},"modified":"2021-01-01T22:32:39","modified_gmt":"2021-01-01T21:32:39","slug":"a-propos","status":"publish","type":"page","link":"http:\/\/5.189.153.254\/clients6\/ciel\/?page_id=13","title":{"rendered":"A Propos"},"content":{"rendered":"<p>[vc_row css=&#8221;.vc_custom_1563179106208{padding-top: 90px !important;padding-bottom: 90px !important;}&#8221;][vc_column width=&#8221;1\/2&#8243;][vc_single_image image=&#8221;461&#8243; img_size=&#8221;full&#8221;][vc_single_image image=&#8221;459&#8243; img_size=&#8221;full&#8221;][\/vc_column][vc_column width=&#8221;1\/2&#8243;][vc_column_text]<\/p>\n<h3 style=\"color: #2a2b73;\">Institut CIEL de Tanger<\/h3>\n<p>Cr\u00e9\u00e9 en 2002 \u00e0 Tanger, l\u2019institut CIEL Comporte aujourd\u2019hui 4 sites, 9 dipl\u00f4mes r\u00e9sidentielles, 4 dipl\u00f4mes DEES, 2 dipl\u00f4mes en Master et plus de 50 partenaires<br \/>\nL\u2019ambition de CIEL est d\u2019\u00eatre un centre de r\u00e9f\u00e9rence au Maroc et en Afrique, avec 3 mots d\u2019ordre:<\/p>\n<ul>\n<li>Efficace et qualit\u00e9<\/li>\n<li>Approche par comp\u00e9tences<\/li>\n<li>Ouverture sur le monde professionnel et parcours internationaux<\/li>\n<\/ul>\n<p>Au cours de ses 15 derni\u00e8res ann\u00e9es, l\u2019institut CIEL s\u2019est impos\u00e9, par sa comp\u00e9tence, et ses r\u00e9sultats probants, comme un des acteurs majeurs de la formation professionnelle et continue. C\u2019est la raison pour laquelle :<\/p>\n<ul>\n<li>Nos modules sont exclusivement bas\u00e9s sur des probl\u00e9matiques rencontr\u00e9es<\/li>\n<li>Nos formateurs sont tous des professionnels aux connaissances techniques de haut niveau et \u00e0 la p\u00e9dagogie \u00e9prouv\u00e9e<\/li>\n<\/ul>\n<p>CIEL d\u00e9veloppe une offre pour une formation professionnelle tout au long de la vie, \u00e0 destination des \u00e9tudiants, des jeunes en alternance, des salari\u00e9s et demandeurs d\u2019emplois.[\/vc_column_text][vc_single_image image=&#8221;445&#8243; img_size=&#8221;full&#8221;][\/vc_column][\/vc_row][vc_row archi_parallax2=&#8221;yes&#8221; css=&#8221;.vc_custom_1609518211132{padding-top: 90px !important;padding-bottom: 90px !important;background-image: url(http:\/\/5.189.153.254\/clients6\/ciel\/wp-content\/uploads\/2021\/01\/Forum-pedagogique-banniere.png?id=547) !important;}&#8221;][vc_column offset=&#8221;vc_col-lg-6&#8243;]\t<!-- Element: OT FAQs -->\n  \t<div class=\"expand\">\n        <h4>Nos Domaines de formation<\/h4>\n        <div class=\"hidden-content\">\n            <ol>\n<li>Logistique et Transport<\/li>\n<li>Informatique et D\u00e9veloppement<\/li>\n<li>Management, Comptabilit\u00e9 et Gestion<\/li>\n<li>Hygi\u00e8ne, Qualit\u00e9, S\u00e9curit\u00e9 et Environnement<\/li>\n<li>Langues \u00e9trang\u00e8res et Communication<\/li>\n<\/ol>\n        <\/div>\n    <\/div>\n\t<!-- Element: OT FAQs -->\n  \t<div class=\"expand\">\n        <h4>Nos atouts<\/h4>\n        <div class=\"hidden-content\">\n            <ul>\n<li>Cr\u00e9ativit\u00e9<span class=\"Apple-converted-space\">\u00a0<\/span><\/li>\n<li>Recherche<\/li>\n<li>Croissance<\/li>\n<li>Qualit\u00e9<span class=\"Apple-converted-space\">\u00a0<\/span><\/li>\n<li>Externalisation<\/li>\n<\/ul>\n        <\/div>\n    <\/div>\n\t<!-- Element: OT FAQs -->\n  \t<div class=\"expand\">\n        <h4>Nos Formateurs<\/h4>\n        <div class=\"hidden-content\">\n            <p><span class=\"JLqJ4b ChMk0b\" data-language-for-alternatives=\"fr\" data-language-to-translate-into=\"en\" data-phrase-index=\"0\">Nous disposons d&#8217;une \u00e9quipe p\u00e9dagogique reconnue pour sa comp\u00e9tence.<\/span> <span class=\"JLqJ4b ChMk0b\" data-language-for-alternatives=\"fr\" data-language-to-translate-into=\"en\" data-phrase-index=\"1\">Avoir une ma\u00eetrise technique de leurs interventions et des outils p\u00e9dagogiques et d&#8217;animation.<\/span> <span class=\"JLqJ4b ChMk0b\" data-language-for-alternatives=\"fr\" data-language-to-translate-into=\"en\" data-phrase-index=\"2\">Cette \u00e9quipe met \u00e0 votre disposition ses connaissances.<\/span> <span class=\"JLqJ4b ChMk0b\" data-language-for-alternatives=\"fr\" data-language-to-translate-into=\"en\" data-phrase-index=\"3\">L&#8217;\u00e9quipe est compos\u00e9e de:<\/span><\/p>\n<ul>\n<li>Formateurs, laur\u00e9ats de grandes \u00e9coles ou disposant de dipl\u00f4mes de haut niveau reconnus nationalement et internationalement.<\/li>\n<li>Professionnels dans leurs domaines d&#8217;intervention.<\/li>\n<\/ul>\n        <\/div>\n    <\/div>\n\t<!-- Element: OT FAQs -->\n  \t<div class=\"expand\">\n        <h4>Notre p\u00e9dagogie<\/h4>\n        <div class=\"hidden-content\">\n            <p><span class=\"JLqJ4b ChMk0b\" data-language-for-alternatives=\"fr\" data-language-to-translate-into=\"en\" data-phrase-index=\"0\">Par rapport \u00e0 nos actions d&#8217;intervention, nos m\u00e9thodes p\u00e9dagogiques privil\u00e9gient une approche participative et pratique:<\/span><\/p>\n<ul>\n<li><span class=\"JLqJ4b ChMk0b\" data-language-for-alternatives=\"fr\" data-language-to-translate-into=\"en\" data-phrase-index=\"2\">Pr\u00e9sentation des objectifs de formation<\/span><\/li>\n<li><span class=\"JLqJ4b ChMk0b\" data-language-for-alternatives=\"fr\" data-language-to-translate-into=\"en\" data-phrase-index=\"4\">Contributions th\u00e9oriques<\/span><\/li>\n<li><span class=\"JLqJ4b ChMk0b\" data-language-for-alternatives=\"fr\" data-language-to-translate-into=\"en\" data-phrase-index=\"6\">Tests et exercices pratiques<\/span><\/li>\n<li><span class=\"JLqJ4b ChMk0b\" data-language-for-alternatives=\"fr\" data-language-to-translate-into=\"en\" data-phrase-index=\"8\">Utilisation d&#8217;outils de formation informatique<\/span><\/li>\n<li>etc.<\/li>\n<\/ul>\n<p>Par rapport \u00e0 nos m\u00e9thodes d&#8217;\u00e9valuation, nos intervenants r\u00e9alisent:<\/p>\n<ul>\n<li>Des tests de positionnement<\/li>\n<li>Une \u00e9valuation \u00e0 chaud des acquis afin de v\u00e9rifier la satisfaction de participants par rapports au d\u00e9roulement de la formation<\/li>\n<li>une \u00e9valuation post-formation<\/li>\n<li>Une \u00e9valuation sommative<\/li>\n<\/ul>\n        <\/div>\n    <\/div>\n[\/vc_column][\/vc_row][vc_row css=&#8221;.vc_custom_1563179653199{padding-top: 90px !important;padding-bottom: 90px !important;}&#8221;][vc_column][vc_single_image image=&#8221;443&#8243; img_size=&#8221;full&#8221;][\/vc_column][\/vc_row][vc_row][vc_column]\t<!-- Element: OT Line solid --> \t \n\t<div class=\" separator separator-bold\"><span><i class=\"fa fa-picture-o\"><\/i><\/span><\/div>\n\t<div class=\"spacer-single\"><\/div>\t      \n[vc_raw_html]JTNDbWFycXVlZSUyMGNsYXNzJTNEJTIycGFydGVuYWlyZS1tYXJxdWVlJTIyJTIwYmVoYXZpb3IlM0QlMjJhbHRlcm5hdGUlMjIlMjBzY3JvbGxkZWxheSUzRCUyMjMwMCUyMiUzRSUwQSUzQ2ltZyUyMHNyYyUzRCUyMmh0dHAlM0ElMkYlMkY1LjE4OS4xNTMuMjU0JTJGY2xpZW50czYlMkZjaWVsJTJGd3AtY29udGVudCUyRnVwbG9hZHMlMkYyMDIwJTJGMTIlMkZzaXRlM19jaWVsX2VudHJlZV92aWxsYS5qcGclMjIlMjBhbHQlM0QlMjIlMjIlMjBjbGFzcyUzRCUyMnBhcnRlbmFpcmUlMjIlMjAlMjAlMkYlM0UlMjAlMEElM0NpbWclMjBzcmMlM0QlMjJodHRwJTNBJTJGJTJGNS4xODkuMTUzLjI1NCUyRmNsaWVudHM2JTJGY2llbCUyRndwLWNvbnRlbnQlMkZ1cGxvYWRzJTJGMjAyMCUyRjEyJTJGZmF2aWNvbi5wbmclMjIlMjBhbHQlM0QlMjIlMjIlMjBjbGFzcyUzRCUyMnBhcnRlbmFpcmUtc21hbGwtbG9nby1jaWVsJTIyJTIwJTJGJTNFJTIwJTBBJTNDaW1nJTIwc3JjJTNEJTIyaHR0cCUzQSUyRiUyRjUuMTg5LjE1My4yNTQlMkZjbGllbnRzNiUyRmNpZWwlMkZ3cC1jb250ZW50JTJGdXBsb2FkcyUyRjIwMjAlMkYxMiUyRnNpdGUzX2NpZWxfY2xhc3NlLmpwZyUyMiUyMGFsdCUzRCUyMiUyMiUyMGNsYXNzJTNEJTIycGFydGVuYWlyZSUyMiUyMCUyMCUyRiUzRSUyMCUwQSUzQ2ltZyUyMHNyYyUzRCUyMmh0dHAlM0ElMkYlMkY1LjE4OS4xNTMuMjU0JTJGY2xpZW50czYlMkZjaWVsJTJGd3AtY29udGVudCUyRnVwbG9hZHMlMkYyMDIwJTJGMTIlMkZmYXZpY29uLnBuZyUyMiUyMGFsdCUzRCUyMiUyMiUyMGNsYXNzJTNEJTIycGFydGVuYWlyZS1zbWFsbC1sb2dvLWNpZWwlMjIlMjAlMkYlM0UlMjAlMEElM0NpbWclMjBzcmMlM0QlMjJodHRwJTNBJTJGJTJGNS4xODkuMTUzLjI1NCUyRmNsaWVudHM2JTJGY2llbCUyRndwLWNvbnRlbnQlMkZ1cGxvYWRzJTJGMjAyMCUyRjEyJTJGc2l0ZTNfY2llbC5qcGclMjIlMjBhbHQlM0QlMjIlMjIlMjBjbGFzcyUzRCUyMnBhcnRlbmFpcmUlMjIlMjAlMjAlMkYlM0UlMjAlMEElM0NpbWclMjBzcmMlM0QlMjJodHRwJTNBJTJGJTJGNS4xODkuMTUzLjI1NCUyRmNsaWVudHM2JTJGY2llbCUyRndwLWNvbnRlbnQlMkZ1cGxvYWRzJTJGMjAyMCUyRjEyJTJGZmF2aWNvbi5wbmclMjIlMjBhbHQlM0QlMjIlMjIlMjBjbGFzcyUzRCUyMnBhcnRlbmFpcmUtc21hbGwtbG9nby1jaWVsJTIyJTIwJTJGJTNFJTIwJTBBJTNDaW1nJTIwc3JjJTNEJTIyaHR0cCUzQSUyRiUyRjUuMTg5LjE1My4yNTQlMkZjbGllbnRzNiUyRmNpZWwlMkZ3cC1jb250ZW50JTJGdXBsb2FkcyUyRjIwMjAlMkYxMiUyRnNpdGUzX2NpZWxfdGVycmFzc2VfdmlsbGEuanBnJTIyJTIwYWx0JTNEJTIyJTIyJTIwY2xhc3MlM0QlMjJwYXJ0ZW5haXJlJTIyJTIwJTIwJTJGJTNFJTIwJTBBJTNDaW1nJTIwc3JjJTNEJTIyaHR0cCUzQSUyRiUyRjUuMTg5LjE1My4yNTQlMkZjbGllbnRzNiUyRmNpZWwlMkZ3cC1jb250ZW50JTJGdXBsb2FkcyUyRjIwMjAlMkYxMiUyRmZhdmljb24ucG5nJTIyJTIwYWx0JTNEJTIyJTIyJTIwY2xhc3MlM0QlMjJwYXJ0ZW5haXJlLXNtYWxsLWxvZ28tY2llbCUyMiUyMCUyRiUzRSUyMCUwQSUzQ2ltZyUyMHNyYyUzRCUyMmh0dHAlM0ElMkYlMkY1LjE4OS4xNTMuMjU0JTJGY2xpZW50czYlMkZjaWVsJTJGd3AtY29udGVudCUyRnVwbG9hZHMlMkYyMDIwJTJGMTIlMkZzaXRlM19jaWVsX3RlcnJhc3NlLmpwZyUyMiUyMGFsdCUzRCUyMiUyMiUyMGNsYXNzJTNEJTIycGFydGVuYWlyZSUyMiUyMCUyMCUyRiUzRSUyMCUwQSUzQ2ltZyUyMHNyYyUzRCUyMmh0dHAlM0ElMkYlMkY1LjE4OS4xNTMuMjU0JTJGY2xpZW50czYlMkZjaWVsJTJGd3AtY29udGVudCUyRnVwbG9hZHMlMkYyMDIwJTJGMTIlMkZmYXZpY29uLnBuZyUyMiUyMGFsdCUzRCUyMiUyMiUyMGNsYXNzJTNEJTIycGFydGVuYWlyZS1zbWFsbC1sb2dvLWNpZWwlMjIlMjAlMkYlM0UlMjAlMEElM0NpbWclMjBzcmMlM0QlMjJodHRwJTNBJTJGJTJGNS4xODkuMTUzLjI1NCUyRmNsaWVudHM2JTJGY2llbCUyRndwLWNvbnRlbnQlMkZ1cGxvYWRzJTJGMjAyMCUyRjEyJTJGc2l0ZTNfY2llbF9zYWxsZV9yZXVuaW9ucy5qcGclMjIlMjBhbHQlM0QlMjIlMjIlMjBjbGFzcyUzRCUyMnBhcnRlbmFpcmUlMjIlMjAlMjAlMkYlM0UlMjAlMEElM0NpbWclMjBzcmMlM0QlMjJodHRwJTNBJTJGJTJGNS4xODkuMTUzLjI1NCUyRmNsaWVudHM2JTJGY2llbCUyRndwLWNvbnRlbnQlMkZ1cGxvYWRzJTJGMjAyMCUyRjEyJTJGZmF2aWNvbi5wbmclMjIlMjBhbHQlM0QlMjIlMjIlMjBjbGFzcyUzRCUyMnBhcnRlbmFpcmUtc21hbGwtbG9nby1jaWVsJTIyJTIwJTJGJTNFJTIwJTBBJTNDaW1nJTIwc3JjJTNEJTIyaHR0cCUzQSUyRiUyRjUuMTg5LjE1My4yNTQlMkZjbGllbnRzNiUyRmNpZWwlMkZ3cC1jb250ZW50JTJGdXBsb2FkcyUyRjIwMjAlMkYxMiUyRnNpdGUzX2NpZWxfcGV0aXRlX3NhbGxlLmpwZyUyMiUyMGFsdCUzRCUyMiUyMiUyMGNsYXNzJTNEJTIycGFydGVuYWlyZSUyMiUyMCUyMCUyRiUzRSUyMCUwQSUzQ2ltZyUyMHNyYyUzRCUyMmh0dHAlM0ElMkYlMkY1LjE4OS4xNTMuMjU0JTJGY2xpZW50czYlMkZjaWVsJTJGd3AtY29udGVudCUyRnVwbG9hZHMlMkYyMDIwJTJGMTIlMkZmYXZpY29uLnBuZyUyMiUyMGFsdCUzRCUyMiUyMiUyMGNsYXNzJTNEJTIycGFydGVuYWlyZS1zbWFsbC1sb2dvLWNpZWwlMjIlMjAlMkYlM0UlMjAlMEElM0NpbWclMjBzcmMlM0QlMjJodHRwJTNBJTJGJTJGNS4xODkuMTUzLjI1NCUyRmNsaWVudHM2JTJGY2llbCUyRndwLWNvbnRlbnQlMkZ1cGxvYWRzJTJGMjAyMCUyRjEyJTJGc2l0ZTEyX2NpZWwuanBnJTIyJTIwYWx0JTNEJTIyJTIyJTIwY2xhc3MlM0QlMjJwYXJ0ZW5haXJlJTIyJTIwJTIwJTJGJTNFJTIwJTBBJTNDaW1nJTIwc3JjJTNEJTIyaHR0cCUzQSUyRiUyRjUuMTg5LjE1My4yNTQlMkZjbGllbnRzNiUyRmNpZWwlMkZ3cC1jb250ZW50JTJGdXBsb2FkcyUyRjIwMjAlMkYxMiUyRmZhdmljb24ucG5nJTIyJTIwYWx0JTNEJTIyJTIyJTIwY2xhc3MlM0QlMjJwYXJ0ZW5haXJlLXNtYWxsLWxvZ28tY2llbCUyMiUyMCUyRiUzRSUyMCUwQSUwQSUzQyUyRm1hcnF1ZWUlM0U=[\/vc_raw_html][\/vc_column][\/vc_row]<\/p>\n","protected":false},"excerpt":{"rendered":"<p>[vc_row css=&#8221;.vc_custom_1563179106208{padding-top: 90px !important;padding-bottom: 90px !important;}&#8221;][vc_column width=&#8221;1\/2&#8243;][vc_single_image image=&#8221;461&#8243; img_size=&#8221;full&#8221;][vc_single_image image=&#8221;459&#8243; img_size=&#8221;full&#8221;][\/vc_column][vc_column width=&#8221;1\/2&#8243;][vc_column_text] Institut CIEL de Tanger Cr\u00e9\u00e9 en 2002 \u00e0 Tanger, l\u2019institut CIEL Comporte aujourd\u2019hui 4 sites, 9 dipl\u00f4mes r\u00e9sidentielles, 4 dipl\u00f4mes DEES, 2 dipl\u00f4mes en Master et plus de 50 partenaires L\u2019ambition de CIEL est d\u2019\u00eatre un centre de r\u00e9f\u00e9rence au Maroc et en [&hellip;]<\/p>\n","protected":false},"author":1,"featured_media":0,"parent":0,"menu_order":0,"comment_status":"closed","ping_status":"closed","template":"page-templates\/template-fullwidth.php","meta":[],"_links":{"self":[{"href":"http:\/\/5.189.153.254\/clients6\/ciel\/index.php?rest_route=\/wp\/v2\/pages\/13"}],"collection":[{"href":"http:\/\/5.189.153.254\/clients6\/ciel\/index.php?rest_route=\/wp\/v2\/pages"}],"about":[{"href":"http:\/\/5.189.153.254\/clients6\/ciel\/index.php?rest_route=\/wp\/v2\/types\/page"}],"author":[{"embeddable":true,"href":"http:\/\/5.189.153.254\/clients6\/ciel\/index.php?rest_route=\/wp\/v2\/users\/1"}],"replies":[{"embeddable":true,"href":"http:\/\/5.189.153.254\/clients6\/ciel\/index.php?rest_route=%2Fwp%2Fv2%2Fcomments&post=13"}],"version-history":[{"count":24,"href":"http:\/\/5.189.153.254\/clients6\/ciel\/index.php?rest_route=\/wp\/v2\/pages\/13\/revisions"}],"predecessor-version":[{"id":618,"href":"http:\/\/5.189.153.254\/clients6\/ciel\/index.php?rest_route=\/wp\/v2\/pages\/13\/revisions\/618"}],"wp:attachment":[{"href":"http:\/\/5.189.153.254\/clients6\/ciel\/index.php?rest_route=%2Fwp%2Fv2%2Fmedia&parent=13"}],"curies":[{"name":"wp","href":"https:\/\/api.w.org\/{rel}","templated":true}]}}